{"id":554,"date":"2024-01-10T23:20:16","date_gmt":"2024-01-10T22:20:16","guid":{"rendered":"https:\/\/www.stmartin-no.sk\/?page_id=554"},"modified":"2024-01-10T23:28:55","modified_gmt":"2024-01-10T22:28:55","slug":"tlaciva","status":"publish","type":"page","link":"https:\/\/www.stmartin-no.sk\/?page_id=554","title":{"rendered":"Tla\u010div\u00e1"},"content":{"rendered":"<div id=\"wonderplugin-fullscreen-slideshow\">\n<div class=\"wonderpluginslider-container\" id=\"wonderpluginslider-container-1\" style=\"max-width:100%;height:100%;margin:0 auto;padding-left:0px;padding-right:0px;padding-top:0px;padding-bottom:60px;\"><div class=\"wonderpluginslider\" id=\"wonderpluginslider-1\" data-sliderid=\"1\" data-width=\"840\" data-height=\"360\" data-skin=\"classic\" data-usejsforfullbrowserwidth=\"false\" data-fullbrowserwidth=\"false\" data-playmutedandinlinewhenautoplay=\"false\" data-addextraattributes=\"false\" data-autoplay=\"true\" data-randomplay=\"false\" data-loadimageondemand=\"false\" data-transitiononfirstslide=\"false\" data-autoplayvideo=\"false\" data-isresponsive=\"true\" data-fullwidth=\"true\" data-isfullscreen=\"true\" data-ratioresponsive=\"true\" data-showtext=\"false\" data-showtimer=\"true\" data-showbottomshadow=\"true\" data-navshowpreview=\"true\" data-textautohide=\"true\" data-pauseonmouseover=\"false\" data-lightboxresponsive=\"true\" data-lightboxshownavigation=\"false\" data-lightboxshowtitle=\"true\" data-lightboxshowdescription=\"false\" data-texteffectresponsive=\"true\" data-donotinit=\"false\" data-addinitscript=\"false\" data-lightboxfullscreenmode=\"false\" data-lightboxcloseonoverlay=\"true\" data-lightboxvideohidecontrols=\"false\" data-lightboxnogroup=\"false\" data-shownav=\"true\" data-navthumbresponsive=\"false\" data-navshowfeaturedarrow=\"false\" data-inityoutube=\"true\" data-initvimeo=\"true\" data-navshowplaypause=\"true\" data-navshowarrow=\"true\" data-navshowbuttons=\"false\" data-lightboxshowsocial=\"false\" data-lightboxshowfacebook=\"true\" data-lightboxshowtwitter=\"true\" data-lightboxshowpinterest=\"true\" data-lightboxsocialrotateeffect=\"true\" data-showsocial=\"false\" data-showfacebook=\"true\" data-showtwitter=\"true\" data-showpinterest=\"true\" data-socialrotateeffect=\"true\" data-disableinlinecss=\"false\" data-triggerresize=\"false\" data-lightboxautoslide=\"false\" data-lightboxshowtimer=\"true\" data-lightboxshowplaybutton=\"false\" data-lightboxalwaysshownavarrows=\"false\" data-lightboxshowtitleprefix=\"true\" data-titleusealt=\"false\" data-outputtext=\"false\" data-titletag=\"h1\" data-descriptiontag=\"h2\" data-scalemode=\"fill\" data-arrowstyle=\"mouseover\" data-transition=\"cssslide\" data-loop=\"0\" data-border=\"0\" data-slideinterval=\"8000\" data-arrowimage=\"arrows-32-32-0.png\" data-arrowwidth=\"32\" data-arrowheight=\"32\" data-arrowtop=\"50\" data-arrowmargin=\"8\" data-ga4account=\"\" data-googleanalyticsaccount=\"\" data-navplaypauseimage=\"navplaypause-28-28-0.png\" data-navarrowimage=\"navarrows-28-28-0.png\" data-navstyle=\"bullets\" data-navimage=\"bullet-24-24-0.png\" data-navwidth=\"24\" data-navheight=\"24\" data-navspacing=\"8\" data-navmarginx=\"16\" data-navmarginy=\"16\" data-navposition=\"bottom\" data-navthumbnavigationstyle=\"arrow\" data-navthumbnavigationarrowimage=\"carouselarrows-32-32-0.png\" data-navthumbnavigationarrowimagewidth=\"32\" data-navthumbnavigationarrowimageheight=\"32\" data-playvideoimage=\"playvideo-64-64-0.png\" data-playvideoimagewidth=\"64\" data-playvideoimageheight=\"64\" data-lightboxthumbwidth=\"90\" data-lightboxthumbheight=\"60\" data-lightboxthumbtopmargin=\"12\" data-lightboxthumbbottommargin=\"4\" data-lightboxbarheight=\"64\" data-lightboxtitlebottomcss=\"color:#333; font-size:14px; font-family:Armata,sans-serif,Arial; overflow:hidden; text-align:left;\" data-lightboxdescriptionbottomcss=\"color:#333; font-size:12px; font-family:Arial,Helvetica,sans-serif; overflow:hidden; text-align:left; margin:4px 0px 0px; padding: 0px;\" data-textformat=\"Bottom bar\" data-textpositionstatic=\"bottom\" data-textpositiondynamic=\"bottomleft\" data-paddingleft=\"0\" data-paddingright=\"0\" data-paddingtop=\"0\" data-paddingbottom=\"60\" data-texteffectresponsivesize=\"640\" data-textleftrightpercentforstatic=\"40\" data-fadeduration=\"1000\" data-crossfadeduration=\"1000\" data-fadeoutfadeinduration=\"2000\" data-slideduration=\"1000\" data-cssslideduration=\"1000\" data-elasticduration=\"1000\" data-sliceduration=\"1500\" data-blindsduration=\"1500\" data-blocksduration=\"1500\" data-shuffleduration=\"1500\" data-tilesduration=\"2000\" data-kenburnsduration=\"5000\" data-flipduration=\"1500\" data-flipwithzoomduration=\"2000\" data-threedduration=\"1500\" data-threedhorizontalduration=\"1500\" data-threedwithzoomduration=\"2500\" data-threedhorizontalwithzoomduration=\"2200\" data-threedflipduration=\"1500\" data-threedflipwithzoomduration=\"2000\" data-threedtilesduration=\"2000\" data-threedfallback=\"flip\" data-threedhorizontalfallback=\"flip\" data-threedwithzoomfallback=\"flipwithzoom\" data-threedhorizontalwithzoomfallback=\"flipwithzoom\" data-threedflipfallback=\"flip\" data-threedflipwithzoomfallback=\"flipwithzoom\" data-threedtilesfallback=\"tiles\" data-ratiomediumscreen=\"900\" data-ratiomediumheight=\"1.6\" data-ratiosmallscreen=\"640\" data-ratiosmallheight=\"2.4\" data-socialmode=\"mouseover\" data-socialposition=\"position:absolute;top:8px;right:8px;\" data-socialpositionsmallscreen=\"position:absolute;top:8px;right:8px;\" data-socialdirection=\"horizontal\" data-socialbuttonsize=\"32\" data-socialbuttonfontsize=\"18\" data-navthumbcolumn=\"5\" data-navthumbtitleheight=\"20\" data-navthumbtitlewidth=\"120\" data-navthumbresponsivemode=\"samesize\" data-navthumbstyle=\"imageonly\" data-navthumbmediumsize=\"900\" data-navthumbmediumwidth=\"64\" data-navthumbmediumheight=\"64\" data-navthumbmediumcolumn=\"4\" data-navthumbmediumtitleheight=\"18\" data-navthumbmediumtitlewidth=\"120\" data-navthumbsmallsize=\"600\" data-navthumbsmallwidth=\"48\" data-navthumbsmallheight=\"48\" data-navthumbsmallcolumn=\"3\" data-navthumbsmalltitleheight=\"18\" data-navthumbsmalltitlewidth=\"120\" data-lightboxsocialposition=\"position:absolute;top:100%;right:0;\" data-lightboxsocialpositionsmallscreen=\"position:absolute;top:100%;right:0;left:0;\" data-lightboxsocialdirection=\"horizontal\" data-lightboxsocialbuttonsize=\"32\" data-lightboxsocialbuttonfontsize=\"18\" data-lightboxtitlestyle=\"bottom\" data-lightboximagepercentage=\"75\" data-lightboxdefaultvideovolume=\"1\" data-lightboxoverlaybgcolor=\"#000\" data-lightboxoverlayopacity=\"0.9\" data-lightboxbgcolor=\"#fff\" data-lightboxtitleprefix=\"%NUM \/ %TOTAL\" data-lightboxtitleinsidecss=\"color:#fff; font-size:16px; font-family:Arial,Helvetica,sans-serif; overflow:hidden; text-align:left;\" data-lightboxdescriptioninsidecss=\"color:#fff; font-size:12px; font-family:Arial,Helvetica,sans-serif; overflow:hidden; text-align:left; margin:4px 0px 0px; padding: 0px;\" data-lightboxtitleoutsidecss=\"color:#fff; font-size:18px; font-family:Arial,Helvetica,sans-serif; overflow:hidden; text-align:center; margin: 8px;\" data-lightboxdescriptionoutsidecss=\"color:#fff; font-size:14px; font-family:Arial,Helvetica,sans-serif; overflow:hidden; text-align:center; margin:8px; padding: 0px;\" data-triggerresizedelay=\"100\" data-lightboxslideinterval=\"5000\" data-lightboxtimerposition=\"bottom\" data-lightboxtimercolor=\"#dc572e\" data-lightboxtimeropacity=\"1\" data-lightboxbordersize=\"8\" data-lightboxborderradius=\"0\" data-textcss=\"display:block; padding:12px; text-align:left;\" data-textbgcss=\"display:block; position:absolute; top:0px; left:0px; width:100%; height:100%; background-color:#333333; opacity:0.6; filter:alpha(opacity=60);\" data-titlecss=\"display:block; position:relative; font:bold 14px &quot;Lucida Sans Unicode&quot;,&quot;Lucida Grande&quot;,sans-serif,Arial; color:#fff;\" data-descriptioncss=\"display:block; position:relative; font:12px &quot;Lucida Sans Unicode&quot;,&quot;Lucida Grande&quot;,sans-serif,Arial; color:#fff; margin-top:8px;\" data-buttoncss=\"display:block; position:relative; margin-top:8px;\" data-titlecssresponsive=\"font-size:12px;\" data-descriptioncssresponsive=\"font-size:12px;\" data-buttoncssresponsive=\"\" data-jsfolder=\"https:\/\/www.stmartin-no.sk\/wp-content\/plugins\/wonderplugin-slider-lite\/engine\/\" style=\"display:none;\" ><ul class=\"amazingslider-slides\"  style=\"display:none;\"><li><img decoding=\"async\" class=\"amazingslider-img-elem amazingsliderimg\" src=\"https:\/\/www.stmartin-no.sk\/wp-content\/uploads\/2023\/11\/close-up-elderly-woman-with-walking-stick-1-scaled.jpg\" alt=\"Walking with cane\" title=\"Walking with cane\" data-description=\"\" \/><\/li><li><img decoding=\"async\" class=\"amazingslider-img-elem amazingsliderimg\" src=\"https:\/\/www.stmartin-no.sk\/wp-content\/uploads\/2023\/11\/worry-mom-you-can-always-count-me-scaled.jpg\" alt=\"Don&#39;t worry mom, you can always count on me\" title=\"Don&#39;t worry mom, you can always count on me\" data-description=\"\" \/><\/li><li><img decoding=\"async\" class=\"amazingslider-img-elem amazingsliderimg\" src=\"https:\/\/www.stmartin-no.sk\/wp-content\/uploads\/2023\/11\/nurse-holding-senior-man-s-hands-sympathy-1-scaled.jpg\" alt=\"nurse-holding-senior-man-s-hands-sympathy-1\" title=\"nurse-holding-senior-man-s-hands-sympathy-1\" data-description=\"\" \/><\/li><\/ul><ul class=\"amazingslider-thumbnails\"  style=\"display:none;\"><li><img decoding=\"async\" class=\"amazingslider-thumbnail-elem amazingsliderthumbnailimg\" src=\"https:\/\/www.stmartin-no.sk\/wp-content\/uploads\/2023\/11\/close-up-elderly-woman-with-walking-stick-1-1024x683.jpg\" alt=\"Walking with cane\" title=\"Walking with cane\" data-description=\"\" \/><\/li><li><img decoding=\"async\" class=\"amazingslider-thumbnail-elem amazingsliderthumbnailimg\" src=\"https:\/\/www.stmartin-no.sk\/wp-content\/uploads\/2023\/11\/worry-mom-you-can-always-count-me-1024x683.jpg\" alt=\"Don&#39;t worry mom, you can always count on me\" title=\"Don&#39;t worry mom, you can always count on me\" data-description=\"\" \/><\/li><li><img decoding=\"async\" class=\"amazingslider-thumbnail-elem amazingsliderthumbnailimg\" src=\"https:\/\/www.stmartin-no.sk\/wp-content\/uploads\/2023\/11\/nurse-holding-senior-man-s-hands-sympathy-1-1024x683.jpg\" alt=\"nurse-holding-senior-man-s-hands-sympathy-1\" title=\"nurse-holding-senior-man-s-hands-sympathy-1\" data-description=\"\" \/><\/li><\/ul><\/div><\/div><div id=\"amazingslider_customtexteffect_1\" style=\"display:none;\" data-texteffect=\"{&quot;Bottom bar&quot;:{&quot;textstyle&quot;:&quot;static&quot;,&quot;textpositionstatic&quot;:&quot;bottom&quot;,&quot;textautohide&quot;:true,&quot;textpositionmarginstatic&quot;:0,&quot;textpositiondynamic&quot;:&quot;bottomleft&quot;,&quot;textpositionmarginleft&quot;:24,&quot;textpositionmarginright&quot;:24,&quot;textpositionmargintop&quot;:24,&quot;textpositionmarginbottom&quot;:24,&quot;texteffect&quot;:&quot;slide&quot;,&quot;texteffecteasing&quot;:&quot;easeOutCubic&quot;,&quot;texteffectduration&quot;:600,&quot;texteffectslidedirection&quot;:&quot;left&quot;,&quot;texteffectslidedistance&quot;:30,&quot;texteffectdelay&quot;:500,&quot;texteffectseparate&quot;:false,&quot;texteffect1&quot;:&quot;slide&quot;,&quot;texteffectslidedirection1&quot;:&quot;right&quot;,&quot;texteffectslidedistance1&quot;:120,&quot;texteffecteasing1&quot;:&quot;easeOutCubic&quot;,&quot;texteffectduration1&quot;:600,&quot;texteffectdelay1&quot;:1000,&quot;texteffect2&quot;:&quot;slide&quot;,&quot;texteffectslidedirection2&quot;:&quot;right&quot;,&quot;texteffectslidedistance2&quot;:120,&quot;texteffecteasing2&quot;:&quot;easeOutCubic&quot;,&quot;texteffectduration2&quot;:600,&quot;texteffectdelay2&quot;:1500,&quot;textcss&quot;:&quot;display:block; padding:12px; text-align:left;&quot;,&quot;textbgcss&quot;:&quot;display:block; position:absolute; top:0px; left:0px; width:100%; height:100%; background-color:#333333; opacity:0.6; filter:alpha(opacity=60);&quot;,&quot;titlecss&quot;:&quot;display:block; position:relative; font:bold 14px \\&quot;Lucida Sans Unicode\\&quot;,\\&quot;Lucida Grande\\&quot;,sans-serif,Arial; color:#fff;&quot;,&quot;descriptioncss&quot;:&quot;display:block; position:relative; font:12px \\&quot;Lucida Sans Unicode\\&quot;,\\&quot;Lucida Grande\\&quot;,sans-serif,Arial; color:#fff; margin-top:8px;&quot;,&quot;buttoncss&quot;:&quot;display:block; position:relative; margin-top:8px;&quot;,&quot;texteffectresponsive&quot;:true,&quot;texteffectresponsivesize&quot;:640,&quot;titlecssresponsive&quot;:&quot;font-size:12px;&quot;,&quot;descriptioncssresponsive&quot;:&quot;font-size:12px;&quot;,&quot;buttoncssresponsive&quot;:&quot;&quot;,&quot;addgooglefonts&quot;:false,&quot;googlefonts&quot;:&quot;&quot;,&quot;textleftrightpercentforstatic&quot;:40}}\"><\/div><script>function wonderslider_1_appendcss(csscode) {var head=document.head || document.getElementsByTagName(\"head\")[0];var style=document.createElement(\"style\");head.appendChild(style);style.type=\"text\/css\";if (style.styleSheet){style.styleSheet.cssText=csscode;} else {style.appendChild(document.createTextNode(csscode));}};wonderslider_1_appendcss(\"#wonderplugin-fullscreen-slideshow {   position: fixed;   top: 0;   left: 0;   width: 100%;   height: 100%;   margin: 0;   padding: 0;   z-index: -1; }\");wonderslider_1_appendcss(\"#wonderpluginslider-1 .star-rating { \tdisplay: inline-block; }\");<\/script>\n<\/div>\n\n\n<div class=\"wp-block-buttons is-layout-flex wp-block-buttons-is-layout-flex\">\n<div class=\"wp-block-button\"><a class=\"wp-block-button__link wp-element-button\" href=\"https:\/\/www.stmartin-no.sk\/wp-content\/uploads\/2024\/01\/Doklady-potrebne-k-ziadosti-o-zabezpecenie-poskytovania-socialnej-sluzby-1.pdf\" target=\"_blank\" rel=\"noreferrer noopener\">Doklady potrebn\u00e9 k \u017eiadosti o zabezpe\u010denie poskytovania soci\u00e1lnej slu\u017eby<\/a><\/div>\n<\/div>\n\n\n\n<div class=\"wp-block-buttons is-layout-flex wp-block-buttons-is-layout-flex\">\n<div class=\"wp-block-button\"><a class=\"wp-block-button__link wp-element-button\" href=\"https:\/\/www.stmartin-no.sk\/wp-content\/uploads\/2024\/01\/Ziadost-o-posudenie-odkazanosti-na-socialnu-sluzbu.pdf\" target=\"_blank\" rel=\"noreferrer noopener\">\u017diados\u0165 o pos\u00fadenie odk\u00e1zanosti na soci\u00e1lnu slu\u017ebu<\/a><\/div>\n<\/div>\n\n\n\n<div class=\"wp-block-buttons is-layout-flex wp-block-buttons-is-layout-flex\">\n<div class=\"wp-block-button\"><a class=\"wp-block-button__link wp-element-button\" href=\"https:\/\/www.stmartin-no.sk\/wp-content\/uploads\/2024\/01\/Ziadost-o-posudenie-odkazanosti-na-socialnu-sluzbu.pdf\" target=\"_blank\" rel=\"noreferrer noopener\">Lek\u00e1rsky n\u00e1lez na \u00fa\u010dely pos\u00fadenia odk\u00e1zanosti na soci\u00e1lnu slu\u017ebu<\/a><\/div>\n<\/div>\n\n\n\n<div class=\"wp-block-buttons is-layout-flex wp-block-buttons-is-layout-flex\">\n<div class=\"wp-block-button\"><a class=\"wp-block-button__link wp-element-button\" href=\"https:\/\/www.stmartin-no.sk\/wp-content\/uploads\/2024\/01\/Ziadost-o-zabezpecenie-poskytovania-socialnej-sluzby-v-Zariadeni-pre-seniorov-St.-Martin-n.o.pdf\" target=\"_blank\" rel=\"noreferrer noopener\">\u017diados\u0165 o zabezpe\u010denie poskytovania soci\u00e1lnej slu\u017eby v Zariaden\u00ed pre seniorov St. Martin n.o.<\/a><\/div>\n<\/div>\n\n\n\n<div class=\"wp-block-buttons is-layout-flex wp-block-buttons-is-layout-flex\">\n<div class=\"wp-block-button\"><a class=\"wp-block-button__link wp-element-button\" href=\"https:\/\/www.stmartin-no.sk\/wp-content\/uploads\/2024\/01\/Potvrdenie-lekara-o-bezinfekcnosti-ziadatela.pdf\" target=\"_blank\" rel=\"noreferrer noopener\">Potvrdenie lek\u00e1ra o bezinfek\u010dnosti \u017eiadate\u013ea<\/a><\/div>\n<\/div>\n\n\n\n<div class=\"wp-block-buttons is-layout-flex wp-block-buttons-is-layout-flex\">\n<div class=\"wp-block-button\"><a class=\"wp-block-button__link wp-element-button\" href=\"https:\/\/www.stmartin-no.sk\/wp-content\/uploads\/2024\/01\/VYHLASENIE-o-prijme-fyzickej-osoby-na-ucely-platenia-uhrady-za-socialnu-sluzbu.pdf\" target=\"_blank\" rel=\"noreferrer noopener\">VYHL\u00c1SENIE o pr\u00edjme fyzickej osoby na \u00fa\u010dely platenia \u00fahrady za soci\u00e1lnu slu\u017ebu<\/a><\/div>\n<\/div>\n\n\n\n<div class=\"wp-block-buttons is-layout-flex wp-block-buttons-is-layout-flex\">\n<div class=\"wp-block-button\"><a class=\"wp-block-button__link wp-element-button\" href=\"https:\/\/www.stmartin-no.sk\/wp-content\/uploads\/2024\/01\/VYHLASENIE-o-majetku-fyzickej-osoby-na-ucely-platenia-uhrady-za-socialnu-sluzbu.pdf\" target=\"_blank\" rel=\"noreferrer noopener\">VYHL\u00c1SENIE o majetku fyzickej osoby na \u00fa\u010dely platenia \u00fahrady za soci\u00e1lnu slu\u017ebu<\/a><\/div>\n<\/div>\n","protected":false},"excerpt":{"rendered":"","protected":false},"author":1,"featured_media":0,"parent":0,"menu_order":0,"comment_status":"closed","ping_status":"closed","template":"","meta":{"_regular_price":[],"currency_symbol":[],"_eb_attr":"","_monsterinsights_skip_tracking":false,"_monsterinsights_sitenote_active":false,"_monsterinsights_sitenote_note":"","_monsterinsights_sitenote_category":0,"footnotes":""},"post_slider_layout_featured_media_urls":{"thumbnail":"","post_slider_layout_landscape_large":"","post_slider_layout_portrait_large":"","post_slider_layout_square_large":"","post_slider_layout_landscape":"","post_slider_layout_portrait":"","post_slider_layout_square":"","full":""},"_links":{"self":[{"href":"https:\/\/www.stmartin-no.sk\/index.php?rest_route=\/wp\/v2\/pages\/554"}],"collection":[{"href":"https:\/\/www.stmartin-no.sk\/index.php?rest_route=\/wp\/v2\/pages"}],"about":[{"href":"https:\/\/www.stmartin-no.sk\/index.php?rest_route=\/wp\/v2\/types\/page"}],"author":[{"embeddable":true,"href":"https:\/\/www.stmartin-no.sk\/index.php?rest_route=\/wp\/v2\/users\/1"}],"replies":[{"embeddable":true,"href":"https:\/\/www.stmartin-no.sk\/index.php?rest_route=%2Fwp%2Fv2%2Fcomments&post=554"}],"version-history":[{"count":5,"href":"https:\/\/www.stmartin-no.sk\/index.php?rest_route=\/wp\/v2\/pages\/554\/revisions"}],"predecessor-version":[{"id":570,"href":"https:\/\/www.stmartin-no.sk\/index.php?rest_route=\/wp\/v2\/pages\/554\/revisions\/570"}],"wp:attachment":[{"href":"https:\/\/www.stmartin-no.sk\/index.php?rest_route=%2Fwp%2Fv2%2Fmedia&parent=554"}],"curies":[{"name":"wp","href":"https:\/\/api.w.org\/{rel}","templated":true}]}}